{"id":5669,"date":"2024-12-17T21:53:20","date_gmt":"2024-12-18T02:53:20","guid":{"rendered":"https:\/\/clsolutions.ec\/reino\/?page_id=5669"},"modified":"2025-04-26T22:09:39","modified_gmt":"2025-04-27T03:09:39","slug":"donaciones","status":"publish","type":"page","link":"https:\/\/clsolutions.ec\/reino\/donaciones\/","title":{"rendered":"Donaciones"},"content":{"rendered":"\t\t<div data-elementor-type=\"wp-page\" data-elementor-id=\"5669\" class=\"elementor elementor-5669\">\n\t\t\t\t\t\t<section class=\"elementor-section elementor-top-section elementor-element elementor-element-2165fd0 elementor-section-boxed elementor-section-height-default elementor-section-height-default\" data-id=\"2165fd0\" data-element_type=\"section\">\n\t\t\t\t\t\t<div class=\"elementor-container elementor-column-gap-default\">\n\t\t\t\t\t<div class=\"elementor-column elementor-col-100 elementor-top-column elementor-element elementor-element-5724d14\" data-id=\"5724d14\" data-element_type=\"column\">\n\t\t\t<div class=\"elementor-widget-wrap elementor-element-populated\">\n\t\t\t\t\t\t<div class=\"elementor-element elementor-element-f555f91 elementor-widget elementor-widget-spacer\" data-id=\"f555f91\" data-element_type=\"widget\" data-widget_type=\"spacer.default\">\n\t\t\t\t<div class=\"elementor-widget-container\">\n\t\t\t\t\t\t\t<div class=\"elementor-spacer\">\n\t\t\t<div class=\"elementor-spacer-inner\"><\/div>\n\t\t<\/div>\n\t\t\t\t\t\t<\/div>\n\t\t\t\t<\/div>\n\t\t\t\t\t<\/div>\n\t\t<\/div>\n\t\t\t\t\t<\/div>\n\t\t<\/section>\n\t\t\t\t<section class=\"elementor-section elementor-top-section elementor-element elementor-element-6515152 elementor-section-boxed elementor-section-height-default elementor-section-height-default\" data-id=\"6515152\" data-element_type=\"section\" data-settings=\"{&quot;background_background&quot;:&quot;classic&quot;}\">\n\t\t\t\t\t\t<div class=\"elementor-container elementor-column-gap-default\">\n\t\t\t\t\t<div class=\"elementor-column elementor-col-100 elementor-top-column elementor-element elementor-element-070ff3a\" data-id=\"070ff3a\" data-element_type=\"column\">\n\t\t\t<div class=\"elementor-widget-wrap elementor-element-populated\">\n\t\t\t\t\t\t<section class=\"elementor-section elementor-inner-section elementor-element elementor-element-cf4a68e elementor-section-boxed elementor-section-height-default elementor-section-height-default\" data-id=\"cf4a68e\" data-element_type=\"section\">\n\t\t\t\t\t\t<div class=\"elementor-container elementor-column-gap-default\">\n\t\t\t\t\t<div class=\"elementor-column elementor-col-33 elementor-inner-column elementor-element elementor-element-41bc9a9\" data-id=\"41bc9a9\" data-element_type=\"column\">\n\t\t\t<div class=\"elementor-widget-wrap\">\n\t\t\t\t\t\t\t<\/div>\n\t\t<\/div>\n\t\t\t\t<div class=\"elementor-column elementor-col-33 elementor-inner-column elementor-element elementor-element-2d5abb8\" data-id=\"2d5abb8\" data-element_type=\"column\">\n\t\t\t<div class=\"elementor-widget-wrap elementor-element-populated\">\n\t\t\t\t\t\t<div class=\"elementor-element elementor-element-cb071f6 elementor-widget__width-initial elementor-widget elementor-widget-image\" data-id=\"cb071f6\" data-element_type=\"widget\" data-widget_type=\"image.default\">\n\t\t\t\t<div class=\"elementor-widget-container\">\n\t\t\t\t\t\t\t\t\t\t\t\t\t\t\t<img fetchpriority=\"high\" decoding=\"async\" width=\"512\" height=\"512\" src=\"https:\/\/clsolutions.ec\/reino\/wp-content\/uploads\/2023\/07\/cropped-rdd2023.png\" class=\"attachment-large size-large wp-image-2657\" alt=\"\" srcset=\"https:\/\/clsolutions.ec\/reino\/wp-content\/uploads\/2023\/07\/cropped-rdd2023.png 512w, https:\/\/clsolutions.ec\/reino\/wp-content\/uploads\/2023\/07\/cropped-rdd2023-300x300.png 300w, https:\/\/clsolutions.ec\/reino\/wp-content\/uploads\/2023\/07\/cropped-rdd2023-150x150.png 150w, https:\/\/clsolutions.ec\/reino\/wp-content\/uploads\/2023\/07\/cropped-rdd2023-270x270.png 270w, https:\/\/clsolutions.ec\/reino\/wp-content\/uploads\/2023\/07\/cropped-rdd2023-192x192.png 192w, https:\/\/clsolutions.ec\/reino\/wp-content\/uploads\/2023\/07\/cropped-rdd2023-180x180.png 180w, https:\/\/clsolutions.ec\/reino\/wp-content\/uploads\/2023\/07\/cropped-rdd2023-32x32.png 32w\" sizes=\"(max-width: 512px) 100vw, 512px\" \/>\t\t\t\t\t\t\t\t\t\t\t\t\t\t\t<\/div>\n\t\t\t\t<\/div>\n\t\t\t\t\t<\/div>\n\t\t<\/div>\n\t\t\t\t<div class=\"elementor-column elementor-col-33 elementor-inner-column elementor-element elementor-element-0259709\" data-id=\"0259709\" data-element_type=\"column\">\n\t\t\t<div class=\"elementor-widget-wrap\">\n\t\t\t\t\t\t\t<\/div>\n\t\t<\/div>\n\t\t\t\t\t<\/div>\n\t\t<\/section>\n\t\t\t\t\t<\/div>\n\t\t<\/div>\n\t\t\t\t\t<\/div>\n\t\t<\/section>\n\t\t\t\t<section class=\"elementor-section elementor-top-section elementor-element elementor-element-7e828da elementor-section-boxed elementor-section-height-default elementor-section-height-default\" data-id=\"7e828da\" data-element_type=\"section\">\n\t\t\t\t\t\t<div class=\"elementor-container elementor-column-gap-default\">\n\t\t\t\t\t<div class=\"elementor-column elementor-col-100 elementor-top-column elementor-element elementor-element-1f05b87\" data-id=\"1f05b87\" data-element_type=\"column\">\n\t\t\t<div class=\"elementor-widget-wrap elementor-element-populated\">\n\t\t\t\t\t\t<div class=\"elementor-element elementor-element-da82437 elementor-widget elementor-widget-spacer\" data-id=\"da82437\" data-element_type=\"widget\" data-widget_type=\"spacer.default\">\n\t\t\t\t<div class=\"elementor-widget-container\">\n\t\t\t\t\t\t\t<div class=\"elementor-spacer\">\n\t\t\t<div class=\"elementor-spacer-inner\"><\/div>\n\t\t<\/div>\n\t\t\t\t\t\t<\/div>\n\t\t\t\t<\/div>\n\t\t\t\t\t<\/div>\n\t\t<\/div>\n\t\t\t\t\t<\/div>\n\t\t<\/section>\n\t\t\t\t<section class=\"elementor-section elementor-top-section elementor-element elementor-element-59b3449 elementor-section-boxed elementor-section-height-default elementor-section-height-default\" data-id=\"59b3449\" data-element_type=\"section\">\n\t\t\t\t\t\t<div class=\"elementor-container elementor-column-gap-default\">\n\t\t\t\t\t<div class=\"elementor-column elementor-col-100 elementor-top-column elementor-element elementor-element-3a8111a\" data-id=\"3a8111a\" data-element_type=\"column\">\n\t\t\t<div class=\"elementor-widget-wrap elementor-element-populated\">\n\t\t\t\t\t\t<section class=\"elementor-section elementor-inner-section elementor-element elementor-element-3f6c361 elementor-section-boxed elementor-section-height-default elementor-section-height-default\" data-id=\"3f6c361\" data-element_type=\"section\">\n\t\t\t\t\t\t<div class=\"elementor-container elementor-column-gap-default\">\n\t\t\t\t\t<div class=\"elementor-column elementor-col-33 elementor-inner-column elementor-element elementor-element-3467b18\" data-id=\"3467b18\" data-element_type=\"column\">\n\t\t\t<div class=\"elementor-widget-wrap\">\n\t\t\t\t\t\t\t<\/div>\n\t\t<\/div>\n\t\t\t\t<div class=\"elementor-column elementor-col-33 elementor-inner-column elementor-element elementor-element-b3eb4e2\" data-id=\"b3eb4e2\" data-element_type=\"column\">\n\t\t\t<div class=\"elementor-widget-wrap elementor-element-populated\">\n\t\t\t\t\t\t<div class=\"elementor-element elementor-element-82ef53d elementor-align-justify elementor-widget elementor-widget-button\" data-id=\"82ef53d\" data-element_type=\"widget\" data-widget_type=\"button.default\">\n\t\t\t\t<div class=\"elementor-widget-container\">\n\t\t\t\t\t\t\t\t\t<div class=\"elementor-button-wrapper\">\n\t\t\t\t\t<a class=\"elementor-button elementor-button-link elementor-size-sm\" href=\"https:\/\/clsolutions.ec\/reino\/diezmos-y-ofrendas\/\">\n\t\t\t\t\t\t<span class=\"elementor-button-content-wrapper\">\n\t\t\t\t\t\t\t\t\t<span class=\"elementor-button-text\">Diezmos y Ofrendas<\/span>\n\t\t\t\t\t<\/span>\n\t\t\t\t\t<\/a>\n\t\t\t\t<\/div>\n\t\t\t\t\t\t\t\t<\/div>\n\t\t\t\t<\/div>\n\t\t\t\t<div class=\"elementor-element elementor-element-653496e elementor-widget elementor-widget-image\" data-id=\"653496e\" data-element_type=\"widget\" data-widget_type=\"image.default\">\n\t\t\t\t<div class=\"elementor-widget-container\">\n\t\t\t\t\t\t\t\t\t\t\t\t\t\t\t\t<a href=\"https:\/\/clsolutions.ec\/reino\/donaciones-manos-que-siembran\/\">\n\t\t\t\t\t\t\t<img decoding=\"async\" width=\"5145\" height=\"900\" src=\"https:\/\/clsolutions.ec\/reino\/wp-content\/uploads\/2025\/04\/btn-sembrar@3x.png\" class=\"attachment-full size-full wp-image-6263\" alt=\"\" srcset=\"https:\/\/clsolutions.ec\/reino\/wp-content\/uploads\/2025\/04\/btn-sembrar@3x.png 5145w, https:\/\/clsolutions.ec\/reino\/wp-content\/uploads\/2025\/04\/btn-sembrar@3x-300x52.png 300w, https:\/\/clsolutions.ec\/reino\/wp-content\/uploads\/2025\/04\/btn-sembrar@3x-1024x179.png 1024w, https:\/\/clsolutions.ec\/reino\/wp-content\/uploads\/2025\/04\/btn-sembrar@3x-768x134.png 768w, https:\/\/clsolutions.ec\/reino\/wp-content\/uploads\/2025\/04\/btn-sembrar@3x-1536x269.png 1536w, https:\/\/clsolutions.ec\/reino\/wp-content\/uploads\/2025\/04\/btn-sembrar@3x-2048x358.png 2048w, https:\/\/clsolutions.ec\/reino\/wp-content\/uploads\/2025\/04\/btn-sembrar@3x-900x157.png 900w, https:\/\/clsolutions.ec\/reino\/wp-content\/uploads\/2025\/04\/btn-sembrar@3x-1920x336.png 1920w\" sizes=\"(max-width: 5145px) 100vw, 5145px\" \/>\t\t\t\t\t\t\t\t<\/a>\n\t\t\t\t\t\t\t\t\t\t\t\t\t\t\t<\/div>\n\t\t\t\t<\/div>\n\t\t\t\t\t<\/div>\n\t\t<\/div>\n\t\t\t\t<div class=\"elementor-column elementor-col-33 elementor-inner-column elementor-element elementor-element-99026ed\" data-id=\"99026ed\" data-element_type=\"column\">\n\t\t\t<div class=\"elementor-widget-wrap\">\n\t\t\t\t\t\t\t<\/div>\n\t\t<\/div>\n\t\t\t\t\t<\/div>\n\t\t<\/section>\n\t\t\t\t\t<\/div>\n\t\t<\/div>\n\t\t\t\t\t<\/div>\n\t\t<\/section>\n\t\t\t\t<section class=\"elementor-section elementor-top-section elementor-element elementor-element-b8697db elementor-section-height-min-height elementor-section-boxed elementor-section-height-default elementor-section-items-middle\" data-id=\"b8697db\" data-element_type=\"section\">\n\t\t\t\t\t\t<div class=\"elementor-container elementor-column-gap-default\">\n\t\t\t\t\t<div class=\"elementor-column elementor-col-100 elementor-top-column elementor-element elementor-element-ddaa548\" data-id=\"ddaa548\" data-element_type=\"column\">\n\t\t\t<div class=\"elementor-widget-wrap elementor-element-populated\">\n\t\t\t\t\t\t<section class=\"elementor-section elementor-inner-section elementor-element elementor-element-1505cba elementor-section-boxed elementor-section-height-default elementor-section-height-default\" data-id=\"1505cba\" data-element_type=\"section\">\n\t\t\t\t\t\t<div class=\"elementor-container elementor-column-gap-default\">\n\t\t\t\t\t<div class=\"elementor-column elementor-col-33 elementor-inner-column elementor-element elementor-element-45ba30b\" data-id=\"45ba30b\" data-element_type=\"column\">\n\t\t\t<div class=\"elementor-widget-wrap\">\n\t\t\t\t\t\t\t<\/div>\n\t\t<\/div>\n\t\t\t\t<div class=\"elementor-column elementor-col-33 elementor-inner-column elementor-element elementor-element-5b51e1f\" data-id=\"5b51e1f\" data-element_type=\"column\">\n\t\t\t<div class=\"elementor-widget-wrap elementor-element-populated\">\n\t\t\t\t\t\t<div class=\"elementor-element elementor-element-eab2960 elementor-widget elementor-widget-text-editor\" data-id=\"eab2960\" data-element_type=\"widget\" data-widget_type=\"text-editor.default\">\n\t\t\t\t<div class=\"elementor-widget-container\">\n\t\t\t\t\t\t\t\t\t<p>\u00abHonra al Se\u00f1or con tus riquezas y con lo mejor de todo lo que produces. Entonces \u00c9l llenar\u00e1 tus graneros, y tus tinajas se desbordar\u00e1n de buen vino\u00bb.<\/p><p><strong>Proverbios 3:9-10<\/strong><\/p>\t\t\t\t\t\t\t\t<\/div>\n\t\t\t\t<\/div>\n\t\t\t\t\t<\/div>\n\t\t<\/div>\n\t\t\t\t<div class=\"elementor-column elementor-col-33 elementor-inner-column elementor-element elementor-element-cc148d5\" data-id=\"cc148d5\" data-element_type=\"column\">\n\t\t\t<div class=\"elementor-widget-wrap\">\n\t\t\t\t\t\t\t<\/div>\n\t\t<\/div>\n\t\t\t\t\t<\/div>\n\t\t<\/section>\n\t\t\t\t\t<\/div>\n\t\t<\/div>\n\t\t\t\t\t<\/div>\n\t\t<\/section>\n\t\t\t\t<\/div>\n\t\t","protected":false},"excerpt":{"rendered":"<p>Diezmos y Ofrendas \u00abHonra al Se\u00f1or con tus riquezas y con lo mejor de todo lo que produces. Entonces \u00c9l llenar\u00e1 tus graneros, y tus tinajas se desbordar\u00e1n de buen vino\u00bb. Proverbios 3:9-10<\/p>\n","protected":false},"author":1,"featured_media":0,"parent":0,"menu_order":0,"comment_status":"closed","ping_status":"closed","template":"elementor_canvas","meta":{"footnotes":""},"class_list":["post-5669","page","type-page","status-publish","hentry"],"_links":{"self":[{"href":"https:\/\/clsolutions.ec\/reino\/wp-json\/wp\/v2\/pages\/5669","targetHints":{"allow":["GET"]}}],"collection":[{"href":"https:\/\/clsolutions.ec\/reino\/wp-json\/wp\/v2\/pages"}],"about":[{"href":"https:\/\/clsolutions.ec\/reino\/wp-json\/wp\/v2\/types\/page"}],"author":[{"embeddable":true,"href":"https:\/\/clsolutions.ec\/reino\/wp-json\/wp\/v2\/users\/1"}],"replies":[{"embeddable":true,"href":"https:\/\/clsolutions.ec\/reino\/wp-json\/wp\/v2\/comments?post=5669"}],"version-history":[{"count":43,"href":"https:\/\/clsolutions.ec\/reino\/wp-json\/wp\/v2\/pages\/5669\/revisions"}],"predecessor-version":[{"id":6302,"href":"https:\/\/clsolutions.ec\/reino\/wp-json\/wp\/v2\/pages\/5669\/revisions\/6302"}],"wp:attachment":[{"href":"https:\/\/clsolutions.ec\/reino\/wp-json\/wp\/v2\/media?parent=5669"}],"curies":[{"name":"wp","href":"https:\/\/api.w.org\/{rel}","templated":true}]}}